{"id":8899,"date":"2025-07-21T05:17:28","date_gmt":"2025-07-21T05:17:28","guid":{"rendered":"https:\/\/distribuidora-jazz.com\/?post_type=product&#038;p=8899"},"modified":"2025-07-21T05:17:28","modified_gmt":"2025-07-21T05:17:28","slug":"caja-margarina-la-dona-danes","status":"publish","type":"product","link":"https:\/\/distribuidora-jazz.com\/index.php\/producto\/caja-margarina-la-dona-danes\/","title":{"rendered":"Caja Margarina La Do\u00f1a Dan\u00e9s"},"content":{"rendered":"<p>Caja de 10 Kg de margarina para dan\u00e9s<\/p>\n","protected":false},"excerpt":{"rendered":"<p>Caja de 10 Kg de margarina para dan\u00e9s<\/p>\n","protected":false},"featured_media":8897,"comment_status":"open","ping_status":"closed","template":"","meta":[],"product_cat":[50,54,49,47],"product_tag":[90,93,92,95],"class_list":{"0":"post-8899","1":"product","2":"type-product","3":"status-publish","4":"has-post-thumbnail","6":"product_brand-la-dona","7":"product_brand-la-florida","8":"product_cat-margarina","9":"product_cat-materias-primas","10":"product_cat-panaderia","11":"product_cat-pasteleria","12":"product_tag-materias-primas","13":"product_tag-panaderia","14":"product_tag-pasteleria","15":"product_tag-reposteria","17":"first","18":"instock","19":"shipping-taxable","20":"purchasable","21":"product-type-simple"},"jetpack_sharing_enabled":true,"_links":{"self":[{"href":"https:\/\/distribuidora-jazz.com\/index.php\/wp-json\/wp\/v2\/product\/8899","targetHints":{"allow":["GET"]}}],"collection":[{"href":"https:\/\/distribuidora-jazz.com\/index.php\/wp-json\/wp\/v2\/product"}],"about":[{"href":"https:\/\/distribuidora-jazz.com\/index.php\/wp-json\/wp\/v2\/types\/product"}],"replies":[{"embeddable":true,"href":"https:\/\/distribuidora-jazz.com\/index.php\/wp-json\/wp\/v2\/comments?post=8899"}],"wp:featuredmedia":[{"embeddable":true,"href":"https:\/\/distribuidora-jazz.com\/index.php\/wp-json\/wp\/v2\/media\/8897"}],"wp:attachment":[{"href":"https:\/\/distribuidora-jazz.com\/index.php\/wp-json\/wp\/v2\/media?parent=8899"}],"wp:term":[{"taxonomy":"product_cat","embeddable":true,"href":"https:\/\/distribuidora-jazz.com\/index.php\/wp-json\/wp\/v2\/product_cat?post=8899"},{"taxonomy":"product_tag","embeddable":true,"href":"https:\/\/distribuidora-jazz.com\/index.php\/wp-json\/wp\/v2\/product_tag?post=8899"}],"curies":[{"name":"wp","href":"https:\/\/api.w.org\/{rel}","templated":true}]}}