{"id":8896,"date":"2025-07-21T05:14:17","date_gmt":"2025-07-21T05:14:17","guid":{"rendered":"https:\/\/distribuidora-jazz.com\/?post_type=product&#038;p=8896"},"modified":"2025-07-21T05:14:17","modified_gmt":"2025-07-21T05:14:17","slug":"margarina-la-dona-danes","status":"publish","type":"product","link":"https:\/\/distribuidora-jazz.com\/index.php\/producto\/margarina-la-dona-danes\/","title":{"rendered":"Margarina La Do\u00f1a Dan\u00e9s"},"content":{"rendered":"<p>Barra de margarina para dan\u00e9s de 1Kg<\/p>\n","protected":false},"excerpt":{"rendered":"<p>Barra de margarina para dan\u00e9s de 1Kg<\/p>\n","protected":false},"featured_media":8897,"comment_status":"open","ping_status":"closed","template":"","meta":[],"product_cat":[50,54,49,47],"product_tag":[90,93,92,95],"class_list":{"0":"post-8896","1":"product","2":"type-product","3":"status-publish","4":"has-post-thumbnail","6":"product_brand-la-florida","7":"product_cat-margarina","8":"product_cat-materias-primas","9":"product_cat-panaderia","10":"product_cat-pasteleria","11":"product_tag-materias-primas","12":"product_tag-panaderia","13":"product_tag-pasteleria","14":"product_tag-reposteria","16":"first","17":"instock","18":"shipping-taxable","19":"purchasable","20":"product-type-simple"},"jetpack_sharing_enabled":true,"_links":{"self":[{"href":"https:\/\/distribuidora-jazz.com\/index.php\/wp-json\/wp\/v2\/product\/8896","targetHints":{"allow":["GET"]}}],"collection":[{"href":"https:\/\/distribuidora-jazz.com\/index.php\/wp-json\/wp\/v2\/product"}],"about":[{"href":"https:\/\/distribuidora-jazz.com\/index.php\/wp-json\/wp\/v2\/types\/product"}],"replies":[{"embeddable":true,"href":"https:\/\/distribuidora-jazz.com\/index.php\/wp-json\/wp\/v2\/comments?post=8896"}],"wp:featuredmedia":[{"embeddable":true,"href":"https:\/\/distribuidora-jazz.com\/index.php\/wp-json\/wp\/v2\/media\/8897"}],"wp:attachment":[{"href":"https:\/\/distribuidora-jazz.com\/index.php\/wp-json\/wp\/v2\/media?parent=8896"}],"wp:term":[{"taxonomy":"product_cat","embeddable":true,"href":"https:\/\/distribuidora-jazz.com\/index.php\/wp-json\/wp\/v2\/product_cat?post=8896"},{"taxonomy":"product_tag","embeddable":true,"href":"https:\/\/distribuidora-jazz.com\/index.php\/wp-json\/wp\/v2\/product_tag?post=8896"}],"curies":[{"name":"wp","href":"https:\/\/api.w.org\/{rel}","templated":true}]}}